{"id":12,"date":"2024-01-10T22:10:47","date_gmt":"2024-01-10T21:10:47","guid":{"rendered":"https:\/\/rozhovory-konzultace.cz\/?page_id=12"},"modified":"2025-07-18T22:50:22","modified_gmt":"2025-07-18T20:50:22","slug":"home","status":"publish","type":"page","link":"https:\/\/rozhovory-konzultace.cz\/","title":{"rendered":"Home"},"content":{"rendered":"\n<div class=\"wp-block-cover alignfull is-light hestia-clear-top-padding\"><span aria-hidden=\"true\" class=\"wp-block-cover__background has-white-background-color has-background-dim-100 has-background-dim\"><\/span><div class=\"wp-block-cover__inner-container is-layout-flow wp-block-cover-is-layout-flow\">\n<h1 class=\"wp-block-heading has-text-align-center has-text-color\" id=\"rozhovory\" style=\"color:#3c4858\">Rozhovory<\/h1>\n\n\n\n<div style=\"height:40px\" aria-hidden=\"true\" class=\"wp-block-spacer\"><\/div>\n\n\n\n<div class=\"wp-block-columns container is-layout-flex wp-container-core-columns-layout-1 wp-block-columns-is-layout-flex\">\n<div class=\"wp-block-column is-layout-flow wp-block-column-is-layout-flow\"><div class=\"wp-block-image\">\n<figure class=\"aligncenter size-large\"><img decoding=\"async\" src=\"https:\/\/rozhovory-konzultace.cz\/wp-content\/themes\/hestia\/assets\/img\/feat1.png\" alt=\"\" class=\"wp-image-70\"\/><\/figure><\/div>\n\n\n<h5 class=\"wp-block-heading has-text-align-center has-text-color\" style=\"color:#3c4858;font-size:18px\">Pro\u010d?<\/h5>\n\n\n\n<p class=\"has-text-align-center has-text-color\" style=\"color:#999999;font-size:14px\">Mo\u017en\u00e1 si i vy pot\u0159ebujete jen promluvit, ale nehled\u00e1te terapii ani kou\u010dink? Nab\u00edz\u00edm V\u00e1m proto mo\u017enost v\u00e9st rozhovor s nezaujatou osobou na neutr\u00e1ln\u00ed p\u016fd\u011b. <\/p>\n\n\n\n<div style=\"height:25px\" aria-hidden=\"true\" class=\"wp-block-spacer\"><\/div>\n<\/div>\n\n\n\n<div class=\"wp-block-column is-layout-flow wp-block-column-is-layout-flow\"><div class=\"wp-block-image\">\n<figure class=\"aligncenter size-large\"><img decoding=\"async\" src=\"https:\/\/rozhovory-konzultace.cz\/wp-content\/themes\/hestia\/assets\/img\/feat2.png\" alt=\"\" class=\"wp-image-71\"\/><\/figure><\/div>\n\n\n<h5 class=\"wp-block-heading has-text-align-center has-text-color\" style=\"color:#3c4858;font-size:18px\">Jak?<\/h5>\n\n\n\n<p class=\"has-text-align-center has-text-color\" style=\"color:#999999;font-size:14px\">M\u016f\u017ee j\u00edt o vyslechnut\u00ed, doprov\u00e1zen\u00ed, spole\u010dnou empatickou cestu, kter\u00e1 V\u00e1m m\u016f\u017ee pomoci k vysloven\u00ed Va\u0161ich my\u0161lenek, jejich rozv\u00edjen\u00ed \u010di uzav\u0159en\u00ed, nab\u00eddnut\u00ed nov\u00e9ho \u00fahlu pohledu nebo pojmenov\u00e1n\u00ed dosud nevysloven\u00e9ho.&nbsp;<\/p>\n\n\n\n<div style=\"height:25px\" aria-hidden=\"true\" class=\"wp-block-spacer\"><\/div>\n<\/div>\n\n\n\n<div class=\"wp-block-column is-layout-flow wp-block-column-is-layout-flow\"><div class=\"wp-block-image\">\n<figure class=\"aligncenter size-large\"><img decoding=\"async\" src=\"https:\/\/rozhovory-konzultace.cz\/wp-content\/themes\/hestia\/assets\/img\/feat3.png\" alt=\"\" class=\"wp-image-72\"\/><\/figure><\/div>\n\n\n<h5 class=\"wp-block-heading has-text-align-center has-text-color\" style=\"color:#3c4858;font-size:18px\">Kde?<\/h5>\n\n\n\n<p class=\"has-text-align-center has-text-color\" style=\"color:#999999;font-size:14px\">Rozhovor m\u016f\u017ee prob\u011bhnout online s videem \u010di jen audio, pokud se tak budete c\u00edtit komfortn\u011bji.&nbsp;&nbsp;Preferujete-li osobn\u00ed setk\u00e1n\u00ed, m\u016f\u017eeme se setkat v konzulta\u010dn\u00ed m\u00edstnosti, v kav\u00e1rn\u011b nebo parku v r\u00e1mci m\u011bsta Brna.<\/p>\n\n\n\n<div style=\"height:25px\" aria-hidden=\"true\" class=\"wp-block-spacer\"><\/div>\n<\/div>\n<\/div>\n\n\n\n<div style=\"height:40px\" aria-hidden=\"true\" class=\"wp-block-spacer\"><\/div>\n\n\n\n<h2 class=\"wp-block-heading has-text-align-center has-text-color\" id=\"dalsi\" style=\"color:#3c4858\">Dal\u0161\u00ed slu\u017eby<\/h2>\n\n\n\n<div class=\"wp-block-columns container is-layout-flex wp-container-core-columns-layout-2 wp-block-columns-is-layout-flex\">\n<div class=\"wp-block-column is-layout-flow wp-block-column-is-layout-flow\"><div class=\"wp-block-image\">\n<figure class=\"aligncenter size-large\"><img decoding=\"async\" src=\"https:\/\/rozhovory-konzultace.cz\/wp-content\/themes\/hestia\/assets\/img\/feat1.png\" alt=\"\" class=\"wp-image-70\"\/><\/figure><\/div>\n\n\n<h5 class=\"wp-block-heading has-text-align-center has-text-color\" style=\"color:#3c4858;font-size:18px\">Supervize<\/h5>\n\n\n\n<p class=\"has-text-color\" style=\"color:#999999;font-size:14px\">Individu\u00e1ln\u00ed &#8211; skupinov\u00e1 &#8211; t\u00fdmov\u00e1 &#8211; mana\u017eersk\u00e1<\/p>\n\n\n\n<p class=\"has-text-color\" style=\"color:#999999;font-size:14px\">V\u017edy se snahou o efektivn\u00ed, uspokojiv\u00e9 \u0159e\u0161en\u00ed. Podpora ve slo\u017eit\u00fdch pracovn\u00edch situac\u00edch, v konfliktech, p\u0159i ne\u00fasp\u011b\u0161\u00edch, p\u0159i nejistot\u00e1ch \u010di jak\u00e9mkoliv nekomfortu, kter\u00fd m\u016f\u017eeme v pr\u00e1ci za\u017e\u00edvat. R\u016fst v tom, co se da\u0159\u00ed. Abychom p\u0159\u00ed\u0161t\u011b byli s \u0159e\u0161en\u00edm situace spokojen\u00ed a p\u0159isp\u011bli jsme k jej\u00edmu prosp\u011b\u0161n\u00e9mu vy\u00fast\u011bn\u00ed.&nbsp;<\/p>\n\n\n\n<div style=\"height:25px\" aria-hidden=\"true\" class=\"wp-block-spacer\"><\/div>\n<\/div>\n\n\n\n<div class=\"wp-block-column is-layout-flow wp-block-column-is-layout-flow\"><div class=\"wp-block-image\">\n<figure class=\"aligncenter size-large\"><img decoding=\"async\" src=\"https:\/\/rozhovory-konzultace.cz\/wp-content\/themes\/hestia\/assets\/img\/feat2.png\" alt=\"\" class=\"wp-image-71\"\/><\/figure><\/div>\n\n\n<h5 class=\"wp-block-heading has-text-align-center has-text-color\" style=\"color:#3c4858;font-size:18px\">Vzd\u011bl\u00e1v\u00e1n\u00ed<\/h5>\n\n\n\n<p class=\"has-text-color\" style=\"color:#999999;font-size:14px\">Vybran\u00e1 t\u00e9mata, kter\u00e1 jsem r\u00e1da \u0161kolila a d\u00e1vala mi smysl:<\/p>\n\n\n\n<ul>\n<li style=\"color:#999999;font-size:14px\">Efektivn\u00ed komunikace a stress management<\/li>\n\n\n\n<li style=\"color:#999999;font-size:14px\">Emoce a jak je zvl\u00e1dat<\/li>\n\n\n\n<li style=\"color:#999999;font-size:14px\">Emo\u010dn\u00ed inteligence v soci\u00e1ln\u00edch slu\u017eb\u00e1ch<\/li>\n\n\n\n<li style=\"color:#999999;font-size:14px\">Jak spr\u00e1vn\u011b komunikovat a domluvit se<\/li>\n\n\n\n<li style=\"color:#999999;font-size:14px\">Komunikace<\/li>\n\n\n\n<li style=\"color:#999999;font-size:14px\">Kreativita a emo\u010dn\u00ed inteligence<\/li>\n\n\n\n<li style=\"color:#999999;font-size:14px\">Osobnostn\u00ed r\u016fst \u017eeny<\/li>\n\n\n\n<li style=\"color:#999999;font-size:14px\">Prevence vyho\u0159en\u00ed<\/li>\n\n\n\n<li style=\"color:#999999;font-size:14px\">Prodejn\u00ed dovednosti<\/li>\n\n\n\n<li style=\"color:#999999;font-size:14px\">Sebed\u016fv\u011bra v komunikaci<\/li>\n\n\n\n<li style=\"color:#999999;font-size:14px\">Sebereflexe<\/li>\n\n\n\n<li style=\"color:#999999;font-size:14px\">Specifika mezilidsk\u00fdch vztah\u016f aneb \u017eensk\u00fd kolektiv v pr\u00e1ci<\/li>\n\n\n\n<li style=\"color:#999999;font-size:14px\">Stress management<\/li>\n\n\n\n<li style=\"color:#999999;font-size:14px\">Time management<\/li>\n\n\n\n<li style=\"color:#999999;font-size:14px\">T\u00fdmov\u00e1 spolupr\u00e1ce<\/li>\n\n\n\n<li style=\"color:#999999;font-size:14px\">Typy v\u00fdb\u011brov\u00fdch \u0159\u00edzen\u00ed<\/li>\n\n\n\n<li style=\"color:#999999;font-size:14px\">Work life balance<\/li>\n\n\n\n<li style=\"color:#999999;font-size:14px\">Zvl\u00e1d\u00e1n\u00ed stresu<\/li>\n<\/ul>\n\n\n\n<p class=\"has-text-color\" style=\"color:#999999;font-size:14px\">Domluva na \u0161kolen\u00ed prob\u00edh\u00e1 v\u017edy individu\u00e1ln\u011b, kdy se vz\u00e1jemn\u011b domluv\u00edme na obsahu, form\u011b, term\u00ednech a cen\u011b.&nbsp;<\/p>\n\n\n\n<div style=\"height:25px\" aria-hidden=\"true\" class=\"wp-block-spacer\"><\/div>\n<\/div>\n\n\n\n<div class=\"wp-block-column is-layout-flow wp-block-column-is-layout-flow\"><div class=\"wp-block-image\">\n<figure class=\"aligncenter size-large\"><img decoding=\"async\" src=\"https:\/\/rozhovory-konzultace.cz\/wp-content\/themes\/hestia\/assets\/img\/feat3.png\" alt=\"\" class=\"wp-image-72\"\/><\/figure><\/div>\n\n\n<h5 class=\"wp-block-heading has-text-align-center has-text-color\" style=\"color:#3c4858;font-size:18px\">Kari\u00e9rn\u00ed poradenstv\u00ed<\/h5>\n\n\n\n<p class=\"has-text-color\" style=\"color:#999999;font-size:14px\">Kari\u00e9rn\u00ed poradenstv\u00ed je vhodn\u00e9 pro ty, kte\u0159\u00ed si cht\u011bj\u00ed ujasnit sv\u00e9 profesn\u00ed c\u00edle, naj\u00edt sv\u00e9 siln\u00e9 str\u00e1nky a zdroje. Uv\u011bdomit si, co cht\u011bj\u00ed ve sv\u00e9m zam\u011bstn\u00e1n\u00ed pro\u017e\u00edvat, uskute\u010d\u0148ovat a p\u0159in\u00e1\u0161et sob\u011b nebo sv\u011btu.&nbsp;<\/p>\n\n\n\n<p class=\"has-text-color\" style=\"color:#999999;font-size:14px\">Do kari\u00e9rn\u00edho poradenstv\u00ed lze vstoupit i p\u0159i volb\u011b dal\u0161\u00edho vzd\u011bl\u00e1v\u00e1n\u00ed, volby st\u0159edn\u00ed \u010di vysok\u00e9 \u0161koly.&nbsp;<\/p>\n\n\n\n<p class=\"has-text-color\" style=\"color:#999999;font-size:14px\">Bl\u00edzk\u00fd je mi koncept ikigai, tedy prolnut\u00ed \u010dty\u0159 hodnot: pr\u00e1ce mne bav\u00ed, jsem v n\u00ed dobr\u00e1\/dobr\u00fd, u\u017eiv\u00ed mne a z\u00e1rove\u0148 p\u0159in\u00e1\u0161\u00ed sv\u011btu n\u011bco dobr\u00e9ho.<\/p>\n\n\n\n<p><\/p>\n\n\n\n<div style=\"height:25px\" aria-hidden=\"true\" class=\"wp-block-spacer\"><\/div>\n<\/div>\n<\/div>\n<\/div><\/div>\n\n\n\n<div class=\"wp-block-columns container is-layout-flex wp-container-core-columns-layout-3 wp-block-columns-is-layout-flex\">\n<div class=\"wp-block-column col-md-5 is-layout-flow wp-block-column-is-layout-flow\">\n<div style=\"height:55px\" aria-hidden=\"true\" class=\"wp-block-spacer\"><\/div>\n\n\n\n<h2 class=\"wp-block-heading\" id=\"omne\">O mn\u011b<\/h2>\n\n\n\n<p>V\u011b\u0159\u00edm, \u017ee \u2026<\/p>\n\n\n\n<p>Ve sv\u00e9m osobn\u00edm i pracovn\u00edm \u017eivot\u011b \u010derp\u00e1m z p\u0159esv\u011bd\u010den\u00ed, \u017ee v\u011bci jsou v po\u0159\u00e1dku tak, jak se d\u011bj\u00ed a sv\u011bt je snad nevy\u010derpateln\u00e1 studnice r\u016fznorodosti.&nbsp;<\/p>\n\n\n\n<p>D\u00e1le \u010derp\u00e1m ze sv\u00e9ho vzd\u011bl\u00e1n\u00ed:<\/p>\n\n\n\n<ul>\n<li>Gymn\u00e1zium Maty\u00e1\u0161e Lercha<\/li>\n\n\n\n<li>Filozofick\u00e1 fakulta Univerzity Palack\u00e9ho v Olomouci&nbsp;<\/li>\n<\/ul>\n\n\n\n<p>Z v\u00fdcvik\u016f, kter\u00fdmi pro\u0161la:<\/p>\n\n\n\n<ul>\n<li>Systemick\u00e1 terapie a r\u016fst &#8211; v\u00fdcvik podle modelu <a href=\"https:\/\/rozhovory-konzultace.cz\/wp-content\/uploads\/2024\/03\/osvedceni_satirova.pdf\" data-type=\"attachment\" data-id=\"105\">V<\/a><a href=\"https:\/\/rozhovory-konzultace.cz\/wp-content\/uploads\/2024\/03\/satir_osvedceni.jpg\" data-type=\"attachment\" data-id=\"115\">irginie Satirov\u00e9<\/a> <\/li>\n\n\n\n<li><a href=\"https:\/\/rozhovory-konzultace.cz\/wp-content\/uploads\/2024\/03\/dalet1-3.jpg\" data-type=\"attachment\" data-id=\"107\">Kou\u010dov\u00e1n\u00ed zam\u011b\u0159en\u00e9<\/a> na \u0159e\u0161en\u00ed s jednotlivci, t\u00fdmy a skupinami<\/li>\n\n\n\n<li><a href=\"https:\/\/rozhovory-konzultace.cz\/wp-content\/uploads\/2024\/03\/dalet1-1.jpg\" data-type=\"attachment\" data-id=\"108\">Supervize zam\u011b\u0159en\u00e1 na \u0159e\u0161en\u00ed<\/a><\/li>\n\n\n\n<li>Mo\u017enosti dialogu: Vzd\u011bl\u00e1vac\u00ed program v kolaborativn\u011b-dialogick\u00e9 praxi<\/li>\n<\/ul>\n\n\n\n<p>Dal\u0161\u00edmi vzd\u011bl\u00e1vac\u00edmi kurzy. (v\u00edce v <a href=\"https:\/\/rozhovory-konzultace.cz\/wp-content\/uploads\/2024\/03\/CV_Kotikova_Geislerova_cz_032023.pdf\" data-type=\"attachment\" data-id=\"118\">\u017eivotopise<\/a>)<\/p>\n\n\n\n<p>Inspirac\u00ed a oporou mi jsou mimo jin\u00e9 m\u016fj man\u017eel, dv\u011b d\u011bti, rodina a p\u0159\u00e1tel\u00e9.<\/p>\n\n\n\n<p>Ale tak\u00e9&nbsp; <a href=\"https:\/\/rozhovory-konzultace.cz\/index.php\/inspiromat\/\" data-type=\"page\" data-id=\"111\">knihy a jin\u00e9 kulturn\u00ed a spole\u010densk\u00e9 zdroje<\/a>.<\/p>\n\n\n\n<p>Od roku 2006 se profesn\u011b pohybuji na poli vzd\u011bl\u00e1v\u00e1n\u00ed, \u0161kolen\u00ed, v\u00fdb\u011brov\u00fdch \u0159\u00edzen\u00ed, kari\u00e9rn\u00edm poradenstv\u00ed, mana\u017eersk\u00fdch pozic\u00ed, konzulta\u010dn\u00ed \u010dinnosti, superviz\u00ed apod.&nbsp; (v\u00edce v <a href=\"https:\/\/rozhovory-konzultace.cz\/wp-content\/uploads\/2024\/03\/CV_Kotikova_Geislerova_cz_032023.pdf\" data-type=\"attachment\" data-id=\"118\">\u017eivotopise<\/a>)<\/p>\n\n\n\n<p><\/p>\n\n\n\n<p><\/p>\n<\/div>\n\n\n\n<div class=\"wp-block-column col-md-6 col-md-offset1 is-layout-flow wp-block-column-is-layout-flow\">\n<div style=\"height:55px\" aria-hidden=\"true\" class=\"wp-block-spacer\"><\/div>\n\n\n\n<p>S k\u00fdm jsem tak\u00e9 spolupracovala:<\/p>\n\n\n\n<ul>\n<li>Agapo o.p.s.<\/li>\n\n\n\n<li>Akropolis, o. s.<\/li>\n\n\n\n<li>Arcibiskupsk\u00e9 gymn\u00e1zium v Krom\u011b\u0159\u00ed\u017ei<\/li>\n\n\n\n<li>Asociace vzd\u011bl\u00e1v\u00e1n\u00ed, z.s.<\/li>\n\n\n\n<li>Centrum Koci\u00e1nka<\/li>\n\n\n\n<li>Centrum pro rodinu a soci\u00e1ln\u00ed p\u00e9\u010di Brno<\/li>\n\n\n\n<li>Centrum vzd\u011bl\u00e1v\u00e1n\u00ed v\u0161em<\/li>\n\n\n\n<li>C\u00edrkevn\u00ed z\u00e1kladn\u00ed \u0161kola Vesel\u00ed nad Moravou<\/li>\n\n\n\n<li>CPR Hodon\u00edn<\/li>\n\n\n\n<li>Dla\u0148-vzd\u011bl\u00e1v\u00e1n\u00ed, s.r.o.<\/li>\n\n\n\n<li>Domov Kor\u00fdtko, p.o.<\/li>\n\n\n\n<li>Domov pro seniory Jevi\u0161ovice, p.o.<\/li>\n\n\n\n<li>Facilita.cz<\/li>\n\n\n\n<li>IMPROMAT-COMPUTER s.r.o.<\/li>\n\n\n\n<li>International SOS<\/li>\n\n\n\n<li>JCMM, z.s.p.o.<\/li>\n\n\n\n<li>Kari\u00e9rov\u00e9 centrum IQ Roma Servis<\/li>\n\n\n\n<li>Krajsk\u00fd \u00fa\u0159ad Moravskoslezsk\u00e9ho kraje<\/li>\n\n\n\n<li>Kyjovsk\u00e9 Slov\u00e1cko v pohybu, z.s.<\/li>\n\n\n\n<li>Let Kunovice<\/li>\n\n\n\n<li>Magistr\u00e1t m\u011bsta Zl\u00edna<\/li>\n\n\n\n<li>Meeting Brno, festival<\/li>\n\n\n\n<li>M\u011bsto Krom\u011b\u0159\u00ed\u017e<\/li>\n\n\n\n<li>M\u011bstsk\u00fd \u00fa\u0159ad Byst\u0159ice pod Host\u00fdnem<\/li>\n\n\n\n<li>M\u011bstsk\u00fd \u00fa\u0159ad Hodon\u00edn<\/li>\n\n\n\n<li>M\u011bstsk\u00fd \u00fa\u0159ad Litv\u00ednov<\/li>\n\n\n\n<li>M\u011bstsk\u00fd \u00fa\u0159ad \u017d\u010f\u00e1r nad S\u00e1zavou<\/li>\n\n\n\n<li>Motiv P s.r.o.<\/li>\n\n\n\n<li>MP Kr\u00e1sno<\/li>\n\n\n\n<li>Muzeum romsk\u00e9 kultury Brno<\/li>\n\n\n\n<li>MVS Projekt, s.r.o.<\/li>\n\n\n\n<li>Oblastn\u00ed charita B\u0159eclav<\/li>\n\n\n\n<li>PWO Unitools<\/li>\n\n\n\n<li>Rozkv\u011bt zahrady ji\u017en\u00edch \u010cech<\/li>\n\n\n\n<li>Soci\u00e1ln\u00ed slu\u017eby Karvin\u00e1<\/li>\n\n\n\n<li>SOS d\u011btsk\u00e9 vesni\u010dky Brno<\/li>\n\n\n\n<li>Spole\u010dnost pro kreativitu ve vzd\u011bl\u00e1v\u00e1n\u00ed<\/li>\n\n\n\n<li>\u00da\u0159ad pr\u00e1ce JMK<\/li>\n<\/ul>\n<\/div>\n<\/div>\n","protected":false},"excerpt":{"rendered":"<p>O mn\u011b V\u011b\u0159\u00edm, \u017ee \u2026 Ve sv\u00e9m osobn\u00edm i pracovn\u00edm \u017eivot\u011b \u010derp\u00e1m z p\u0159esv\u011bd\u010den\u00ed, \u017ee v\u011bci jsou v po\u0159\u00e1dku tak, jak se d\u011bj\u00ed a sv\u011bt je snad nevy\u010derpateln\u00e1 studnice r\u016fznorodosti.&nbsp; D\u00e1le \u010derp\u00e1m ze sv\u00e9ho vzd\u011bl\u00e1n\u00ed: Z v\u00fdcvik\u016f, kter\u00fdmi pro\u0161la: Dal\u0161\u00edmi vzd\u011bl\u00e1vac\u00edmi kurzy. (v\u00edce v \u017eivotopise) Inspirac\u00ed a oporou mi jsou [&hellip;]<\/p>\n","protected":false},"author":1,"featured_media":94,"parent":0,"menu_order":0,"comment_status":"closed","ping_status":"closed","template":"","meta":{"footnotes":""},"_links":{"self":[{"href":"https:\/\/rozhovory-konzultace.cz\/index.php\/wp-json\/wp\/v2\/pages\/12"}],"collection":[{"href":"https:\/\/rozhovory-konzultace.cz\/index.php\/wp-json\/wp\/v2\/pages"}],"about":[{"href":"https:\/\/rozhovory-konzultace.cz\/index.php\/wp-json\/wp\/v2\/types\/page"}],"author":[{"embeddable":true,"href":"https:\/\/rozhovory-konzultace.cz\/index.php\/wp-json\/wp\/v2\/users\/1"}],"replies":[{"embeddable":true,"href":"https:\/\/rozhovory-konzultace.cz\/index.php\/wp-json\/wp\/v2\/comments?post=12"}],"version-history":[{"count":26,"href":"https:\/\/rozhovory-konzultace.cz\/index.php\/wp-json\/wp\/v2\/pages\/12\/revisions"}],"predecessor-version":[{"id":131,"href":"https:\/\/rozhovory-konzultace.cz\/index.php\/wp-json\/wp\/v2\/pages\/12\/revisions\/131"}],"wp:featuredmedia":[{"embeddable":true,"href":"https:\/\/rozhovory-konzultace.cz\/index.php\/wp-json\/wp\/v2\/media\/94"}],"wp:attachment":[{"href":"https:\/\/rozhovory-konzultace.cz\/index.php\/wp-json\/wp\/v2\/media?parent=12"}],"curies":[{"name":"wp","href":"https:\/\/api.w.org\/{rel}","templated":true}]}}