{"id":111,"date":"2024-03-16T21:53:59","date_gmt":"2024-03-16T20:53:59","guid":{"rendered":"https:\/\/rozhovory-konzultace.cz\/?page_id=111"},"modified":"2025-07-18T22:46:09","modified_gmt":"2025-07-18T20:46:09","slug":"inspiromat","status":"publish","type":"page","link":"https:\/\/rozhovory-konzultace.cz\/index.php\/inspiromat\/","title":{"rendered":"Inspiromat"},"content":{"rendered":"\n<ul>\n<li>Adair John: Hospoda\u0159en\u00ed s \u010dasem<\/li>\n\n\n\n<li>Aldort Naomi: Vychov\u00e1v\u00e1me d\u011bti a rosteme s nimi<\/li>\n\n\n\n<li>Bach Richard: Jonathan Livingstone Racek<\/li>\n\n\n\n<li>Bach Richard: Most p\u0159es nav\u017edy<\/li>\n\n\n\n<li>Backman Fredrik: Co by m\u011bl m\u016fj syn v\u011bd\u011bt o sv\u011bt\u011b<\/li>\n\n\n\n<li>Bure\u0161 Ivan: Zlat\u00e1 pravidla vyjedn\u00e1v\u00e1n\u00ed<\/li>\n\n\n\n<li>Covey Stephen M.R.: 7 n\u00e1vyk\u016f skute\u010dn\u011b efektivn\u00edch lid\u00ed\u00a0<\/li>\n\n\n\n<li>Dej\u010dmar V\u00e1clav, Votruba Misha: I am fishead<\/li>\n\n\n\n<li>Deridda Jacques: Co p\u0159inese z\u00edt\u0159ek?<\/li>\n\n\n\n<li>Ferrazzi Keith: Nikdy nejez s\u00e1m&nbsp;<\/li>\n\n\n\n<li>Fingerland Jan: Hebrejky<\/li>\n\n\n\n<li>Frankl Viktor E.: V\u016fle ke smyslu<\/li>\n\n\n\n<li>Fromm Erich: Strach ze svobody<\/li>\n\n\n\n<li>Gleick James: Chaos &#8211; vznik nov\u00e9 v\u011bdy<\/li>\n\n\n\n<li>Gunter Jen: Bible vag\u00edny<\/li>\n\n\n\n<li>Herman Marek: Jsi tam, br\u00e1cho?<\/li>\n\n\n\n<li>Hill Napoleon: My\u0161len\u00edm k bohatstv\u00ed\u00a0<\/li>\n\n\n\n<li>Hillman James, Ventura Michael: M\u00e1me za sebou sto let psychoterapie a sv\u011bt je st\u00e1le hor\u0161\u00ed<\/li>\n\n\n\n<li>Chopra Mallika: Sto ot\u00e1zek m\u00e9ho d\u00edt\u011bte<\/li>\n\n\n\n<li>Jirous Martin Ivan: Magorsk\u00e9 modlitby&nbsp;<\/li>\n\n\n\n<li>Kopeck\u00e1 Marie Viktorie: Den\u00edk far\u00e1\u0159ky<\/li>\n\n\n\n<li>Liedloffov\u00e1 Jean: Koncept kontinua<\/li>\n\n\n\n<li>Ludwig Petr: Konec prokrastinace<\/li>\n\n\n\n<li>Markham Laura: Aha! Rodi\u010dovstv\u00ed<\/li>\n\n\n\n<li>Musa\u0161i Mijamoto: Kniha p\u011bti kruh\u016f<\/li>\n\n\n\n<li>Pal\u00e1n Ale\u0161: Rad\u011bji ze\u0161\u00edlet v divo\u010din\u011b<\/li>\n\n\n\n<li>Plotkin Bill: Soulcraft &#8211; S\u00edla du\u0161e<\/li>\n\n\n\n<li>Rohr Richard: Adam\u016fv n\u00e1vrat&nbsp;<\/li>\n\n\n\n<li>Satir Virginia: Kniha o rodin\u011b<\/li>\n\n\n\n<li>Satirov\u00e1 Virginia: Model r\u016fstu: za hranice rodinn\u00e9 terapie<\/li>\n\n\n\n<li>Stixrud William: D\u00edt\u011b na vlastn\u00ed pohon<\/li>\n\n\n\n<li>Taleb Nicholas: \u010cern\u00e1 labu\u0165&nbsp;<\/li>\n\n\n\n<li>Wehle Alena: Citlivka<\/li>\n\n\n\n<li>Wittgenstein Ludwig: Filosofick\u00e1 zkoum\u00e1n\u00ed<\/li>\n\n\n\n<li>Zatloukal Leo\u0161, V\u00edtek Pavel: Kou\u010dov\u00e1n\u00ed zam\u011b\u0159en\u00e9 na \u0159e\u0161en\u00ed<\/li>\n<\/ul>\n","protected":false},"excerpt":{"rendered":"","protected":false},"author":1,"featured_media":0,"parent":0,"menu_order":0,"comment_status":"closed","ping_status":"closed","template":"","meta":{"footnotes":""},"_links":{"self":[{"href":"https:\/\/rozhovory-konzultace.cz\/index.php\/wp-json\/wp\/v2\/pages\/111"}],"collection":[{"href":"https:\/\/rozhovory-konzultace.cz\/index.php\/wp-json\/wp\/v2\/pages"}],"about":[{"href":"https:\/\/rozhovory-konzultace.cz\/index.php\/wp-json\/wp\/v2\/types\/page"}],"author":[{"embeddable":true,"href":"https:\/\/rozhovory-konzultace.cz\/index.php\/wp-json\/wp\/v2\/users\/1"}],"replies":[{"embeddable":true,"href":"https:\/\/rozhovory-konzultace.cz\/index.php\/wp-json\/wp\/v2\/comments?post=111"}],"version-history":[{"count":6,"href":"https:\/\/rozhovory-konzultace.cz\/index.php\/wp-json\/wp\/v2\/pages\/111\/revisions"}],"predecessor-version":[{"id":130,"href":"https:\/\/rozhovory-konzultace.cz\/index.php\/wp-json\/wp\/v2\/pages\/111\/revisions\/130"}],"wp:attachment":[{"href":"https:\/\/rozhovory-konzultace.cz\/index.php\/wp-json\/wp\/v2\/media?parent=111"}],"curies":[{"name":"wp","href":"https:\/\/api.w.org\/{rel}","templated":true}]}}